{"id":2453,"date":"2025-02-13T15:28:58","date_gmt":"2025-02-13T14:28:58","guid":{"rendered":"https:\/\/www.lesqueuesdaronde.com\/?page_id=2453"},"modified":"2025-02-13T18:01:32","modified_gmt":"2025-02-13T17:01:32","slug":"restaurants-magasins-bureaux","status":"publish","type":"page","link":"https:\/\/www.lesqueuesdaronde.com\/?page_id=2453","title":{"rendered":"RESTAURANTS, MAGASINS, BUREAUX"},"content":{"rendered":"\n<p class=\"has-white-color has-text-color has-background has-link-color wp-elements-564fa513a55706f226b452500ea72440\" style=\"background-color:#6a808c;font-size:17px;font-style:normal;font-weight:500;text-transform:uppercase\"><strong>Tables avec logos &amp; motifs incrust\u00e9s, am\u00e9nagements d&rsquo;espaces d&rsquo;entreprise, mobilier d&rsquo;exposition, PR\u00c9SENTEZ-nous votre projet<\/strong> <em><strong><a href=\"https:\/\/www.lesqueuesdaronde.com\/?page_id=12\" data-type=\"page\" data-id=\"12\">ICI<\/a><\/strong><\/em><\/p>\n\n\n\n<figure class=\"wp-block-image size-large\"><img loading=\"lazy\" decoding=\"async\" width=\"1200\" height=\"1155\" src=\"https:\/\/www.lesqueuesdaronde.com\/wp-content\/uploads\/2025\/02\/TIO-PARIS-1-1200x1155.jpg\" alt=\"\" class=\"wp-image-2503\" srcset=\"https:\/\/www.lesqueuesdaronde.com\/wp-content\/uploads\/2025\/02\/TIO-PARIS-1-1200x1155.jpg 1200w, https:\/\/www.lesqueuesdaronde.com\/wp-content\/uploads\/2025\/02\/TIO-PARIS-1-300x289.jpg 300w, https:\/\/www.lesqueuesdaronde.com\/wp-content\/uploads\/2025\/02\/TIO-PARIS-1-212x204.jpg 212w, https:\/\/www.lesqueuesdaronde.com\/wp-content\/uploads\/2025\/02\/TIO-PARIS-1-768x739.jpg 768w, https:\/\/www.lesqueuesdaronde.com\/wp-content\/uploads\/2025\/02\/TIO-PARIS-1.jpg 1400w\" sizes=\"auto, (max-width: 1200px) 100vw, 1200px\" \/><\/figure>\n\n\n\n<figure class=\"wp-block-image size-large\"><img loading=\"lazy\" decoding=\"async\" width=\"1200\" height=\"877\" src=\"https:\/\/www.lesqueuesdaronde.com\/wp-content\/uploads\/2025\/02\/20240705_083933-2-1200x877.jpg\" alt=\"\" class=\"wp-image-2455\" srcset=\"https:\/\/www.lesqueuesdaronde.com\/wp-content\/uploads\/2025\/02\/20240705_083933-2-1200x877.jpg 1200w, https:\/\/www.lesqueuesdaronde.com\/wp-content\/uploads\/2025\/02\/20240705_083933-2-300x219.jpg 300w, https:\/\/www.lesqueuesdaronde.com\/wp-content\/uploads\/2025\/02\/20240705_083933-2-279x204.jpg 279w, https:\/\/www.lesqueuesdaronde.com\/wp-content\/uploads\/2025\/02\/20240705_083933-2-768x561.jpg 768w, https:\/\/www.lesqueuesdaronde.com\/wp-content\/uploads\/2025\/02\/20240705_083933-2-1536x1122.jpg 1536w, https:\/\/www.lesqueuesdaronde.com\/wp-content\/uploads\/2025\/02\/20240705_083933-2.jpg 1859w\" sizes=\"auto, (max-width: 1200px) 100vw, 1200px\" \/><\/figure>\n\n\n\n<figure class=\"wp-block-image size-large\"><img loading=\"lazy\" decoding=\"async\" width=\"1200\" height=\"800\" src=\"https:\/\/www.lesqueuesdaronde.com\/wp-content\/uploads\/2025\/02\/TIO-PARIS-2-2-1200x800.jpg\" alt=\"\" class=\"wp-image-2437\" srcset=\"https:\/\/www.lesqueuesdaronde.com\/wp-content\/uploads\/2025\/02\/TIO-PARIS-2-2-1200x800.jpg 1200w, https:\/\/www.lesqueuesdaronde.com\/wp-content\/uploads\/2025\/02\/TIO-PARIS-2-2-300x200.jpg 300w, https:\/\/www.lesqueuesdaronde.com\/wp-content\/uploads\/2025\/02\/TIO-PARIS-2-2-306x204.jpg 306w, https:\/\/www.lesqueuesdaronde.com\/wp-content\/uploads\/2025\/02\/TIO-PARIS-2-2-768x512.jpg 768w, https:\/\/www.lesqueuesdaronde.com\/wp-content\/uploads\/2025\/02\/TIO-PARIS-2-2-1536x1024.jpg 1536w, https:\/\/www.lesqueuesdaronde.com\/wp-content\/uploads\/2025\/02\/TIO-PARIS-2-2.jpg 1550w\" sizes=\"auto, (max-width: 1200px) 100vw, 1200px\" \/><\/figure>\n\n\n\n<figure class=\"wp-block-image size-full\"><img loading=\"lazy\" decoding=\"async\" width=\"1200\" height=\"801\" src=\"https:\/\/www.lesqueuesdaronde.com\/wp-content\/uploads\/2025\/02\/LAPEROUSE2.jpg\" alt=\"\" class=\"wp-image-2430\" srcset=\"https:\/\/www.lesqueuesdaronde.com\/wp-content\/uploads\/2025\/02\/LAPEROUSE2.jpg 1200w, https:\/\/www.lesqueuesdaronde.com\/wp-content\/uploads\/2025\/02\/LAPEROUSE2-300x200.jpg 300w, https:\/\/www.lesqueuesdaronde.com\/wp-content\/uploads\/2025\/02\/LAPEROUSE2-306x204.jpg 306w, https:\/\/www.lesqueuesdaronde.com\/wp-content\/uploads\/2025\/02\/LAPEROUSE2-768x513.jpg 768w\" sizes=\"auto, (max-width: 1200px) 100vw, 1200px\" \/><\/figure>\n\n\n\n<figure class=\"wp-block-image size-large\"><img loading=\"lazy\" decoding=\"async\" width=\"1200\" height=\"923\" src=\"https:\/\/www.lesqueuesdaronde.com\/wp-content\/uploads\/2025\/02\/OXSTAL-1-1200x923.jpg\" alt=\"\" class=\"wp-image-2439\" srcset=\"https:\/\/www.lesqueuesdaronde.com\/wp-content\/uploads\/2025\/02\/OXSTAL-1-1200x923.jpg 1200w, https:\/\/www.lesqueuesdaronde.com\/wp-content\/uploads\/2025\/02\/OXSTAL-1-300x231.jpg 300w, https:\/\/www.lesqueuesdaronde.com\/wp-content\/uploads\/2025\/02\/OXSTAL-1-265x204.jpg 265w, https:\/\/www.lesqueuesdaronde.com\/wp-content\/uploads\/2025\/02\/OXSTAL-1-768x591.jpg 768w, https:\/\/www.lesqueuesdaronde.com\/wp-content\/uploads\/2025\/02\/OXSTAL-1-1536x1181.jpg 1536w, https:\/\/www.lesqueuesdaronde.com\/wp-content\/uploads\/2025\/02\/OXSTAL-1.jpg 1800w\" sizes=\"auto, (max-width: 1200px) 100vw, 1200px\" \/><\/figure>\n\n\n\n<figure class=\"wp-block-image size-large\"><img loading=\"lazy\" decoding=\"async\" width=\"1200\" height=\"900\" src=\"https:\/\/www.lesqueuesdaronde.com\/wp-content\/uploads\/2021\/10\/20200707_170724-1200x900.jpg\" alt=\"\" class=\"wp-image-2141\" srcset=\"https:\/\/www.lesqueuesdaronde.com\/wp-content\/uploads\/2021\/10\/20200707_170724-1200x900.jpg 1200w, https:\/\/www.lesqueuesdaronde.com\/wp-content\/uploads\/2021\/10\/20200707_170724-272x204.jpg 272w, https:\/\/www.lesqueuesdaronde.com\/wp-content\/uploads\/2021\/10\/20200707_170724-300x225.jpg 300w, https:\/\/www.lesqueuesdaronde.com\/wp-content\/uploads\/2021\/10\/20200707_170724-768x576.jpg 768w, https:\/\/www.lesqueuesdaronde.com\/wp-content\/uploads\/2021\/10\/20200707_170724.jpg 1400w\" sizes=\"auto, (max-width: 1200px) 100vw, 1200px\" \/><\/figure>\n\n\n\n<figure class=\"wp-block-image size-large\"><img loading=\"lazy\" decoding=\"async\" width=\"1200\" height=\"746\" src=\"https:\/\/www.lesqueuesdaronde.com\/wp-content\/uploads\/2025\/02\/20220602_172020-1200x746.jpg\" alt=\"\" class=\"wp-image-2442\" srcset=\"https:\/\/www.lesqueuesdaronde.com\/wp-content\/uploads\/2025\/02\/20220602_172020-1200x746.jpg 1200w, https:\/\/www.lesqueuesdaronde.com\/wp-content\/uploads\/2025\/02\/20220602_172020-300x186.jpg 300w, https:\/\/www.lesqueuesdaronde.com\/wp-content\/uploads\/2025\/02\/20220602_172020-328x204.jpg 328w, https:\/\/www.lesqueuesdaronde.com\/wp-content\/uploads\/2025\/02\/20220602_172020-768x477.jpg 768w, https:\/\/www.lesqueuesdaronde.com\/wp-content\/uploads\/2025\/02\/20220602_172020-1536x955.jpg 1536w, https:\/\/www.lesqueuesdaronde.com\/wp-content\/uploads\/2025\/02\/20220602_172020.jpg 1900w\" sizes=\"auto, (max-width: 1200px) 100vw, 1200px\" \/><\/figure>\n\n\n\n<figure class=\"wp-block-image size-large\"><img loading=\"lazy\" decoding=\"async\" width=\"810\" height=\"1200\" src=\"https:\/\/www.lesqueuesdaronde.com\/wp-content\/uploads\/2025\/02\/OXSTAL3-810x1200.jpg\" alt=\"\" class=\"wp-image-2447\" srcset=\"https:\/\/www.lesqueuesdaronde.com\/wp-content\/uploads\/2025\/02\/OXSTAL3-810x1200.jpg 810w, https:\/\/www.lesqueuesdaronde.com\/wp-content\/uploads\/2025\/02\/OXSTAL3-202x300.jpg 202w, https:\/\/www.lesqueuesdaronde.com\/wp-content\/uploads\/2025\/02\/OXSTAL3-138x204.jpg 138w, https:\/\/www.lesqueuesdaronde.com\/wp-content\/uploads\/2025\/02\/OXSTAL3-768x1138.jpg 768w, https:\/\/www.lesqueuesdaronde.com\/wp-content\/uploads\/2025\/02\/OXSTAL3-1036x1536.jpg 1036w, https:\/\/www.lesqueuesdaronde.com\/wp-content\/uploads\/2025\/02\/OXSTAL3-1382x2048.jpg 1382w, https:\/\/www.lesqueuesdaronde.com\/wp-content\/uploads\/2025\/02\/OXSTAL3-scaled.jpg 1727w\" sizes=\"auto, (max-width: 810px) 100vw, 810px\" \/><\/figure>\n\n\n\n<figure class=\"wp-block-image size-large\"><img loading=\"lazy\" decoding=\"async\" width=\"883\" height=\"1200\" src=\"https:\/\/www.lesqueuesdaronde.com\/wp-content\/uploads\/2025\/02\/20250210_095629-883x1200.jpg\" alt=\"\" class=\"wp-image-2438\" srcset=\"https:\/\/www.lesqueuesdaronde.com\/wp-content\/uploads\/2025\/02\/20250210_095629-883x1200.jpg 883w, https:\/\/www.lesqueuesdaronde.com\/wp-content\/uploads\/2025\/02\/20250210_095629-221x300.jpg 221w, https:\/\/www.lesqueuesdaronde.com\/wp-content\/uploads\/2025\/02\/20250210_095629-150x204.jpg 150w, https:\/\/www.lesqueuesdaronde.com\/wp-content\/uploads\/2025\/02\/20250210_095629-768x1043.jpg 768w, https:\/\/www.lesqueuesdaronde.com\/wp-content\/uploads\/2025\/02\/20250210_095629-1130x1536.jpg 1130w, https:\/\/www.lesqueuesdaronde.com\/wp-content\/uploads\/2025\/02\/20250210_095629-1507x2048.jpg 1507w, https:\/\/www.lesqueuesdaronde.com\/wp-content\/uploads\/2025\/02\/20250210_095629.jpg 1628w\" sizes=\"auto, (max-width: 883px) 100vw, 883px\" \/><\/figure>\n\n\n\n<figure class=\"wp-block-image size-full\"><img loading=\"lazy\" decoding=\"async\" width=\"950\" height=\"476\" src=\"https:\/\/www.lesqueuesdaronde.com\/wp-content\/uploads\/2013\/06\/12_BIBLIOTHEQUE_DEF.png\" alt=\"\" class=\"wp-image-872\" srcset=\"https:\/\/www.lesqueuesdaronde.com\/wp-content\/uploads\/2013\/06\/12_BIBLIOTHEQUE_DEF.png 950w, https:\/\/www.lesqueuesdaronde.com\/wp-content\/uploads\/2013\/06\/12_BIBLIOTHEQUE_DEF-350x175.png 350w, https:\/\/www.lesqueuesdaronde.com\/wp-content\/uploads\/2013\/06\/12_BIBLIOTHEQUE_DEF-300x150.png 300w\" sizes=\"auto, (max-width: 950px) 100vw, 950px\" \/><\/figure>\n\n\n\n<figure class=\"wp-block-image size-large\"><img loading=\"lazy\" decoding=\"async\" width=\"1200\" height=\"632\" src=\"https:\/\/www.lesqueuesdaronde.com\/wp-content\/uploads\/2025\/02\/RVBA-1-1200x632.jpg\" alt=\"\" class=\"wp-image-2448\" srcset=\"https:\/\/www.lesqueuesdaronde.com\/wp-content\/uploads\/2025\/02\/RVBA-1-1200x632.jpg 1200w, https:\/\/www.lesqueuesdaronde.com\/wp-content\/uploads\/2025\/02\/RVBA-1-300x158.jpg 300w, https:\/\/www.lesqueuesdaronde.com\/wp-content\/uploads\/2025\/02\/RVBA-1-350x184.jpg 350w, https:\/\/www.lesqueuesdaronde.com\/wp-content\/uploads\/2025\/02\/RVBA-1-768x404.jpg 768w, https:\/\/www.lesqueuesdaronde.com\/wp-content\/uploads\/2025\/02\/RVBA-1.jpg 1500w\" sizes=\"auto, (max-width: 1200px) 100vw, 1200px\" \/><\/figure>\n\n\n\n<figure class=\"wp-block-image size-large\"><img loading=\"lazy\" decoding=\"async\" width=\"1200\" height=\"535\" src=\"https:\/\/www.lesqueuesdaronde.com\/wp-content\/uploads\/2025\/02\/RVBB-1-1200x535.jpg\" alt=\"\" class=\"wp-image-2449\" srcset=\"https:\/\/www.lesqueuesdaronde.com\/wp-content\/uploads\/2025\/02\/RVBB-1-1200x535.jpg 1200w, https:\/\/www.lesqueuesdaronde.com\/wp-content\/uploads\/2025\/02\/RVBB-1-300x134.jpg 300w, https:\/\/www.lesqueuesdaronde.com\/wp-content\/uploads\/2025\/02\/RVBB-1-350x156.jpg 350w, https:\/\/www.lesqueuesdaronde.com\/wp-content\/uploads\/2025\/02\/RVBB-1-768x343.jpg 768w, https:\/\/www.lesqueuesdaronde.com\/wp-content\/uploads\/2025\/02\/RVBB-1-1536x685.jpg 1536w, https:\/\/www.lesqueuesdaronde.com\/wp-content\/uploads\/2025\/02\/RVBB-1.jpg 1800w\" sizes=\"auto, (max-width: 1200px) 100vw, 1200px\" \/><\/figure>\n\n\n\n<figure class=\"wp-block-image size-large\"><img loading=\"lazy\" decoding=\"async\" width=\"1200\" height=\"422\" src=\"https:\/\/www.lesqueuesdaronde.com\/wp-content\/uploads\/2025\/02\/RVBC-1-1200x422.jpg\" alt=\"\" class=\"wp-image-2450\" srcset=\"https:\/\/www.lesqueuesdaronde.com\/wp-content\/uploads\/2025\/02\/RVBC-1-1200x422.jpg 1200w, https:\/\/www.lesqueuesdaronde.com\/wp-content\/uploads\/2025\/02\/RVBC-1-300x106.jpg 300w, https:\/\/www.lesqueuesdaronde.com\/wp-content\/uploads\/2025\/02\/RVBC-1-350x123.jpg 350w, https:\/\/www.lesqueuesdaronde.com\/wp-content\/uploads\/2025\/02\/RVBC-1-768x270.jpg 768w, https:\/\/www.lesqueuesdaronde.com\/wp-content\/uploads\/2025\/02\/RVBC-1-1536x540.jpg 1536w, https:\/\/www.lesqueuesdaronde.com\/wp-content\/uploads\/2025\/02\/RVBC-1.jpg 1800w\" sizes=\"auto, (max-width: 1200px) 100vw, 1200px\" \/><\/figure>\n\n\n\n<figure class=\"wp-block-image size-large\"><img loading=\"lazy\" decoding=\"async\" width=\"758\" height=\"1200\" src=\"https:\/\/www.lesqueuesdaronde.com\/wp-content\/uploads\/2025\/02\/SHAPES-0-758x1200.jpg\" alt=\"\" class=\"wp-image-2290\" srcset=\"https:\/\/www.lesqueuesdaronde.com\/wp-content\/uploads\/2025\/02\/SHAPES-0-758x1200.jpg 758w, https:\/\/www.lesqueuesdaronde.com\/wp-content\/uploads\/2025\/02\/SHAPES-0-189x300.jpg 189w, https:\/\/www.lesqueuesdaronde.com\/wp-content\/uploads\/2025\/02\/SHAPES-0-129x204.jpg 129w, https:\/\/www.lesqueuesdaronde.com\/wp-content\/uploads\/2025\/02\/SHAPES-0-768x1216.jpg 768w, https:\/\/www.lesqueuesdaronde.com\/wp-content\/uploads\/2025\/02\/SHAPES-0-970x1536.jpg 970w, https:\/\/www.lesqueuesdaronde.com\/wp-content\/uploads\/2025\/02\/SHAPES-0.jpg 1067w\" sizes=\"auto, (max-width: 758px) 100vw, 758px\" \/><\/figure>\n\n\n\n<figure class=\"wp-block-image size-large\"><img loading=\"lazy\" decoding=\"async\" width=\"1200\" height=\"895\" src=\"https:\/\/www.lesqueuesdaronde.com\/wp-content\/uploads\/2025\/02\/MAGIC-POPPINS-1200x895.jpg\" alt=\"\" class=\"wp-image-2534\" srcset=\"https:\/\/www.lesqueuesdaronde.com\/wp-content\/uploads\/2025\/02\/MAGIC-POPPINS-1200x895.jpg 1200w, https:\/\/www.lesqueuesdaronde.com\/wp-content\/uploads\/2025\/02\/MAGIC-POPPINS-300x224.jpg 300w, https:\/\/www.lesqueuesdaronde.com\/wp-content\/uploads\/2025\/02\/MAGIC-POPPINS-274x204.jpg 274w, https:\/\/www.lesqueuesdaronde.com\/wp-content\/uploads\/2025\/02\/MAGIC-POPPINS-768x573.jpg 768w, https:\/\/www.lesqueuesdaronde.com\/wp-content\/uploads\/2025\/02\/MAGIC-POPPINS.jpg 1400w\" sizes=\"auto, (max-width: 1200px) 100vw, 1200px\" \/><\/figure>\n","protected":false},"excerpt":{"rendered":"<p>Tables avec logos &amp; motifs incrust\u00e9s, am\u00e9nagements d&rsquo;espaces d&rsquo;entreprise, mobilier d&rsquo;exposition, PR\u00c9SENTEZ-nous votre projet ICI<\/p>\n","protected":false},"author":1,"featured_media":0,"parent":0,"menu_order":0,"comment_status":"closed","ping_status":"closed","template":"","meta":{"footnotes":""},"class_list":["post-2453","page","type-page","status-publish","hentry"],"_links":{"self":[{"href":"https:\/\/www.lesqueuesdaronde.com\/index.php?rest_route=\/wp\/v2\/pages\/2453","targetHints":{"allow":["GET"]}}],"collection":[{"href":"https:\/\/www.lesqueuesdaronde.com\/index.php?rest_route=\/wp\/v2\/pages"}],"about":[{"href":"https:\/\/www.lesqueuesdaronde.com\/index.php?rest_route=\/wp\/v2\/types\/page"}],"author":[{"embeddable":true,"href":"https:\/\/www.lesqueuesdaronde.com\/index.php?rest_route=\/wp\/v2\/users\/1"}],"replies":[{"embeddable":true,"href":"https:\/\/www.lesqueuesdaronde.com\/index.php?rest_route=%2Fwp%2Fv2%2Fcomments&post=2453"}],"version-history":[{"count":17,"href":"https:\/\/www.lesqueuesdaronde.com\/index.php?rest_route=\/wp\/v2\/pages\/2453\/revisions"}],"predecessor-version":[{"id":2560,"href":"https:\/\/www.lesqueuesdaronde.com\/index.php?rest_route=\/wp\/v2\/pages\/2453\/revisions\/2560"}],"wp:attachment":[{"href":"https:\/\/www.lesqueuesdaronde.com\/index.php?rest_route=%2Fwp%2Fv2%2Fmedia&parent=2453"}],"curies":[{"name":"wp","href":"https:\/\/api.w.org\/{rel}","templated":true}]}}