{"id":12,"date":"2013-06-02T22:26:59","date_gmt":"2013-06-02T20:26:59","guid":{"rendered":"http:\/\/lesqueuesdaronde.com\/?page_id=12"},"modified":"2025-02-28T11:49:59","modified_gmt":"2025-02-28T10:49:59","slug":"contact","status":"publish","type":"page","link":"https:\/\/www.lesqueuesdaronde.com\/?page_id=12","title":{"rendered":"CONTACT"},"content":{"rendered":"\n<figure class=\"wp-block-image size-large\"><img loading=\"lazy\" decoding=\"async\" width=\"1200\" height=\"724\" src=\"https:\/\/www.lesqueuesdaronde.com\/wp-content\/uploads\/2025\/02\/BANNIERE-CONTACT-1-1200x724.jpg\" alt=\"\" class=\"wp-image-2661\" srcset=\"https:\/\/www.lesqueuesdaronde.com\/wp-content\/uploads\/2025\/02\/BANNIERE-CONTACT-1-1200x724.jpg 1200w, https:\/\/www.lesqueuesdaronde.com\/wp-content\/uploads\/2025\/02\/BANNIERE-CONTACT-1-300x181.jpg 300w, https:\/\/www.lesqueuesdaronde.com\/wp-content\/uploads\/2025\/02\/BANNIERE-CONTACT-1-338x204.jpg 338w, https:\/\/www.lesqueuesdaronde.com\/wp-content\/uploads\/2025\/02\/BANNIERE-CONTACT-1-768x464.jpg 768w, https:\/\/www.lesqueuesdaronde.com\/wp-content\/uploads\/2025\/02\/BANNIERE-CONTACT-1-1536x927.jpg 1536w, https:\/\/www.lesqueuesdaronde.com\/wp-content\/uploads\/2025\/02\/BANNIERE-CONTACT-1-2048x1236.jpg 2048w\" sizes=\"auto, (max-width: 1200px) 100vw, 1200px\" \/><\/figure>\n\n\n\n<div class=\"wp-block-group alignfull is-content-justification-center\" style=\"margin-top:0;margin-bottom:0\"><div class=\"wp-block-group__inner-container is-layout-constrained wp-block-group-is-layout-constrained\">\n<div style=\"height:var(--wp--preset--spacing--20)\" aria-hidden=\"true\" class=\"wp-block-spacer\"><\/div>\n\n\n\n<div class=\"wp-block-group alignwide\"><div class=\"wp-block-group__inner-container is-layout-flow wp-block-group-is-layout-flow\">\n<h1 class=\"wp-block-heading\" style=\"font-size:17px;font-style:normal;font-weight:500\">Pour nous pr\u00e9senter votre projet, compl\u00e9tez le formulaire ci-dessous, nous vous recontacterons tr\u00e8s rapidement.<\/h1>\n\n\n\n<h1 class=\"wp-block-heading\" style=\"font-size:17px;font-style:normal;font-weight:500\">Si vous souhaitez nous envoyer des documents, \u00e9crivez-nous \u00e0 <em><a href=\"mailto:contact@lesqueuesdaronde.com\">contact@lesqueuesdaronde.com<\/a><\/em><\/h1>\n\n\n\n<h1 class=\"wp-block-heading\" style=\"font-size:17px;font-style:normal;font-weight:500\">Si vous souhaitez passer commande pour une vinoth\u00e8que <strong>C\u00e9page<\/strong>, \u00e9crivez-nous le mod\u00e8le, la finition choisie et l&rsquo;adresse de livraison, nous vous enverrons un devis tr\u00e8s rapidement.<\/h1>\n\n\n\n<h1 class=\"wp-block-heading\" style=\"font-size:17px;font-style:normal;font-weight:500\">N&rsquo;h\u00e9sitez pas \u00e0 nous appeler, nous laisser un message ou un SMS.<\/h1>\n\n\n\n<h1 class=\"wp-block-heading\" style=\"font-size:17px;font-style:normal;font-weight:500\">\u00c0 bient\u00f4t!<\/h1>\n<\/div><\/div>\n\n\n\n<div style=\"height:33px\" aria-hidden=\"true\" class=\"wp-block-spacer\"><\/div>\n<\/div><\/div>\n\n\n<div id=\"vscf\" class=\"vscf-shortcode\"><form name=\"vscf_12\" id=\"vscf-form\" method=\"post\">\r\n\t<div class=\"form-group vscf-name-group\">\r\n\t\t<label for=\"vscf_name\" class=\"vscf-label\">Nom <\/label>\r\n\t\t<input type=\"text\" name=\"vscf_name_12\" id=\"vscf_name\"  class=\"form-control\" placeholder=\"\" value=\"\" minlength=\"2\" maxlength=\"100\" aria-required=\"true\" \/>\r\n\t\t\r\n\t<\/div>\r\n\t<div class=\"form-group vscf-email-group\">\r\n\t\t<label for=\"vscf_email\" class=\"vscf-label\">E-mail <\/label>\r\n\t\t<input type=\"email\" name=\"vscf_email_12\" id=\"vscf_email\"  class=\"form-control\" placeholder=\"\" value=\"\" maxlength=\"100\" aria-required=\"true\" \/>\r\n\t\t\r\n\t<\/div>\r\n\t\r\n\t\t<div class=\"form-group vscf-subject-group\">\r\n\t\t\t<label for=\"vscf_subject\" class=\"vscf-label\">Sujet <\/label>\r\n\t\t\t<input type=\"text\" name=\"vscf_subject_12\" id=\"vscf_subject\"  class=\"form-control\" placeholder=\"\" value=\"\" minlength=\"2\" maxlength=\"100\" aria-required=\"true\" \/>\r\n\t\t\t\r\n\t\t<\/div>\r\n\t\r\n\t\r\n\t\t<div class=\"form-group vscf-sum-group\">\r\n\t\t\t<label for=\"vscf_sum\" class=\"vscf-label\">1 + 6 =<\/label>\r\n\t\t\t<input type=\"text\" name=\"vscf_sum_12\" id=\"vscf_sum\"  class=\"form-control\" placeholder=\"\" value=\"\" pattern=\"[0-9]{1,2}\" maxlength=\"100\" aria-required=\"true\" \/>\r\n\t\t\t\r\n\t\t<\/div>\r\n\t\r\n\t<div class=\"form-group vscf-hide\">\r\n\t\t<label for=\"vscf_first_random\">Veuillez ignorer ce champ<\/label>\r\n\t\t<input type=\"text\" name=\"vscf_first_random_12\" id=\"vscf_first_random\" class=\"form-control\" tabindex=\"-1\" value=\"\" maxlength=\"100\" \/>\r\n\t<\/div>\r\n\t<div class=\"form-group vscf-hide\">\r\n\t\t<label for=\"vscf_second_random\">Veuillez ignorer ce champ<\/label>\r\n\t\t<input type=\"text\" name=\"vscf_second_random_12\" id=\"vscf_second_random\" class=\"form-control\" tabindex=\"-1\" value=\"\" maxlength=\"100\" \/>\r\n\t<\/div>\r\n\t<div class=\"form-group vscf-message-group\">\r\n\t\t<label for=\"vscf_message\" class=\"vscf-label\">Message <\/label>\r\n\t\t<textarea name=\"vscf_message_12\" id=\"vscf_message\" rows=\"10\"  class=\"form-control\" placeholder=\"\" minlength=\"10\" maxlength=\"10000\" aria-required=\"true\"><\/textarea>\r\n\t\t\r\n\t<\/div>\r\n\t<div class=\"form-group vscf-display-none\">\r\n\t\t<input type=\"hidden\" name=\"vscf_time_12\" id=\"vscf_time\" class=\"form-control\" value=\"1776325107\" \/>\r\n\t<\/div>\r\n\t\r\n\t\t<div class=\"form-group vscf-privacy-group\">\r\n\t\t\t<input type=\"hidden\" name=\"vscf_privacy_12\" id=\"vscf_privacy_hidden\" value=\"no\" \/>\r\n\t\t\t<input type=\"checkbox\" name=\"vscf_privacy_12\" id=\"vscf_privacy\" class=\"custom-control-input\" value=\"yes\"  aria-required=\"true\" \/>\r\n\t\t\t<label for=\"vscf_privacy\">J\u2019accepte que ce site web collecte mes donn\u00e9es personnelles via ce formulaire.<\/label>\r\n\t\t\t\r\n\t\t<\/div>\r\n\t\r\n\t<div class=\"form-group vscf-display-none\">\r\n\t\t<input type=\"hidden\" id=\"vscf_nonce\" name=\"vscf_nonce\" value=\"293f93eef0\" \/><input type=\"hidden\" name=\"_wp_http_referer\" value=\"\/index.php?rest_route=%2Fwp%2Fv2%2Fpages%2F12\" \/>\r\n\t<\/div>\r\n\t<div class=\"form-group vscf-submit-group\">\r\n\t\t<button type=\"submit\" name=\"vscf_send_12\" id=\"vscf_send\" class=\"btn btn-primary\">Envoyer<\/button>\r\n\t<\/div>\r\n\t\r\n<\/form><\/div>\n\n<div class=\"one_half last\"><\/p>\n<p><img loading=\"lazy\" decoding=\"async\" class=\"alignnone wp-image-2318 size-full\" src=\"https:\/\/www.lesqueuesdaronde.com\/wp-content\/uploads\/2025\/02\/CARTE-VISITE-25-V.jpg\" alt=\"\" width=\"1287\" height=\"795\" srcset=\"https:\/\/www.lesqueuesdaronde.com\/wp-content\/uploads\/2025\/02\/CARTE-VISITE-25-V.jpg 1287w, https:\/\/www.lesqueuesdaronde.com\/wp-content\/uploads\/2025\/02\/CARTE-VISITE-25-V-300x185.jpg 300w, https:\/\/www.lesqueuesdaronde.com\/wp-content\/uploads\/2025\/02\/CARTE-VISITE-25-V-1200x741.jpg 1200w, https:\/\/www.lesqueuesdaronde.com\/wp-content\/uploads\/2025\/02\/CARTE-VISITE-25-V-330x204.jpg 330w, https:\/\/www.lesqueuesdaronde.com\/wp-content\/uploads\/2025\/02\/CARTE-VISITE-25-V-768x474.jpg 768w\" sizes=\"auto, (max-width: 1287px) 100vw, 1287px\" \/><\/p>\n<p>\n<\/div><div class=\"clearboth\"><\/div>","protected":false},"excerpt":{"rendered":"<p>Pour nous pr\u00e9senter votre projet, compl\u00e9tez le formulaire ci-dessous, nous vous recontacterons tr\u00e8s rapidement. Si vous souhaitez nous envoyer des documents, \u00e9crivez-nous \u00e0 contact@lesqueuesdaronde.com Si vous souhaitez passer commande pour une vinoth\u00e8que C\u00e9page, \u00e9crivez-nous le mod\u00e8le, la finition choisie et l&rsquo;adresse de livraison, nous vous enverrons un devis tr\u00e8s rapidement. N&rsquo;h\u00e9sitez pas \u00e0 nous appeler, [&hellip;]<\/p>\n","protected":false},"author":1,"featured_media":0,"parent":0,"menu_order":0,"comment_status":"closed","ping_status":"closed","template":"page-full-width.php","meta":{"footnotes":""},"class_list":["post-12","page","type-page","status-publish","hentry"],"_links":{"self":[{"href":"https:\/\/www.lesqueuesdaronde.com\/index.php?rest_route=\/wp\/v2\/pages\/12","targetHints":{"allow":["GET"]}}],"collection":[{"href":"https:\/\/www.lesqueuesdaronde.com\/index.php?rest_route=\/wp\/v2\/pages"}],"about":[{"href":"https:\/\/www.lesqueuesdaronde.com\/index.php?rest_route=\/wp\/v2\/types\/page"}],"author":[{"embeddable":true,"href":"https:\/\/www.lesqueuesdaronde.com\/index.php?rest_route=\/wp\/v2\/users\/1"}],"replies":[{"embeddable":true,"href":"https:\/\/www.lesqueuesdaronde.com\/index.php?rest_route=%2Fwp%2Fv2%2Fcomments&post=12"}],"version-history":[{"count":60,"href":"https:\/\/www.lesqueuesdaronde.com\/index.php?rest_route=\/wp\/v2\/pages\/12\/revisions"}],"predecessor-version":[{"id":2665,"href":"https:\/\/www.lesqueuesdaronde.com\/index.php?rest_route=\/wp\/v2\/pages\/12\/revisions\/2665"}],"wp:attachment":[{"href":"https:\/\/www.lesqueuesdaronde.com\/index.php?rest_route=%2Fwp%2Fv2%2Fmedia&parent=12"}],"curies":[{"name":"wp","href":"https:\/\/api.w.org\/{rel}","templated":true}]}}